{"id":5560,"date":"2018-01-09T17:56:02","date_gmt":"2018-01-09T17:56:02","guid":{"rendered":"https:\/\/effisa.com.br\/es\/?page_id=5560"},"modified":"2022-03-24T12:14:17","modified_gmt":"2022-03-24T12:14:17","slug":"lanzamiento","status":"publish","type":"page","link":"https:\/\/effisa.com.br\/es\/lanzamiento\/","title":{"rendered":"Lanzamiento"},"content":{"rendered":"<div class=\"wpb-content-wrapper\"><p>[vc_row rt_row_background_width=&#8221;fullwidth&#8221; rt_row_content_width=&#8221;default&#8221; rt_row_style=&#8221;default-style&#8221; rt_row_height=&#8221;&#8221; rt_column_gaps=&#8221;&#8221; rt_row_shadows=&#8221;&#8221; rt_row_borders=&#8221;top&#8221; rt_bg_effect=&#8221;classic&#8221; rt_bg_image_repeat=&#8221;repeat&#8221; rt_bg_size=&#8221;cover&#8221; rt_bg_position=&#8221;right top&#8221; rt_bg_attachment=&#8221;scroll&#8221; rt_bg_layer=&#8221;&#8221; rt_bg_video_format=&#8221;self-hosted&#8221; rt_class=&#8221;rt-2371715&#8243; rt_border_size=&#8221;4&#8243; rt_border_color=&#8221;#ba0d0d&#8221; rt_bg_color=&#8221;#f9f9f9&#8243;][vc_column rt_bg_effect=&#8221;classic&#8221; rt_bg_image_repeat=&#8221;repeat&#8221; rt_bg_size=&#8221;auto auto&#8221; rt_bg_position=&#8221;right top&#8221; rt_bg_attachment=&#8221;scroll&#8221; css=&#8221;.vc_custom_1647010818816{padding-top: 20px !important;padding-bottom: 20px !important;}&#8221; rt_class=&#8221;rt-3888541&#8243; rt_bg_color=&#8221;&#8221; rt_bg_overlay_color=&#8221;&#8221;][vc_column_text]<\/p>\n<h1 style=\"text-align: center; margin: 0;\"><strong>LANZAMIENTOS<\/strong><\/h1>\n<p style=\"text-align: center;\">VER TODOS NUESTROS LANZAMIENTOS<\/p>\n<p>[\/vc_column_text][\/vc_column][\/vc_row][vc_row rt_row_background_width=&#8221;fullwidth&#8221; rt_row_content_width=&#8221;default&#8221; rt_row_style=&#8221;default-style&#8221; rt_row_height=&#8221;&#8221; rt_column_gaps=&#8221;&#8221; rt_row_shadows=&#8221;&#8221; rt_row_borders=&#8221;&#8221; rt_bg_effect=&#8221;classic&#8221; rt_bg_image_repeat=&#8221;repeat&#8221; rt_bg_size=&#8221;cover&#8221; rt_bg_position=&#8221;right top&#8221; rt_bg_attachment=&#8221;scroll&#8221; rt_bg_layer=&#8221;&#8221; rt_bg_video_format=&#8221;self-hosted&#8221;][vc_column width=&#8221;1\/3&#8243; rt_bg_effect=&#8221;classic&#8221; rt_bg_image_repeat=&#8221;repeat&#8221; rt_bg_size=&#8221;auto auto&#8221; rt_bg_position=&#8221;right top&#8221; rt_bg_attachment=&#8221;scroll&#8221;][vc_single_image image=&#8221;11742&#8243; img_size=&#8221;full&#8221;][vc_column_text]<\/p>\n<h3 style=\"text-align: left;\"><span style=\"color: #000000;\"><strong>RECUBRIMIENTO DE PERFILES<\/strong><\/span><\/h3>\n<p style=\"text-align: left;\">La Recubridora de Perfiles Omega FF 301 RPO L es un equipo dedicado a los diferentes procesos de recubrimiento por laminaci\u00f3n del mercado, y seg\u00fan los grupos que se le, <strong><a title=\"Saiba mais...\" href=\"https:\/\/effisa.com.br\/es\/project-details\/recobridora-de-perfis-omega-ff-301-rpo-l\/\">Sepa mas&#8230;<\/a><\/strong><\/p>\n<p>[\/vc_column_text][\/vc_column][vc_column width=&#8221;1\/3&#8243; rt_bg_effect=&#8221;classic&#8221; rt_bg_image_repeat=&#8221;repeat&#8221; rt_bg_size=&#8221;auto auto&#8221; rt_bg_position=&#8221;right top&#8221; rt_bg_attachment=&#8221;scroll&#8221;][vc_single_image image=&#8221;11743&#8243; img_size=&#8221;full&#8221;][vc_column_text]<\/p>\n<h3 style=\"text-align: left;\"><span style=\"color: #000000;\"><strong>FUSOR DE TANQUE ISOMELT 40 (EFFISA)<\/strong><\/span><\/h3>\n<p style=\"text-align: left;\">Equipo EFFISA, destinado al proceso de fusi\u00f3n del adhesivo y cleaner, as\u00ed como su transporte a la manguera y posterior alimentaci\u00f3n del labio o rollo para los procesos&#8230; <strong><a title=\"Saiba mais...\" href=\"https:\/\/effisa.com.br\/es\/project-details\/fusor-de-tanque-isomelt-40-eva-po-y-pur-effisa\/\">Sepa mas&#8230;<\/a><\/strong><\/p>\n<p>[\/vc_column_text][\/vc_column][vc_column width=&#8221;1\/3&#8243; rt_bg_effect=&#8221;classic&#8221; rt_bg_image_repeat=&#8221;repeat&#8221; rt_bg_size=&#8221;auto auto&#8221; rt_bg_position=&#8221;right top&#8221; rt_bg_attachment=&#8221;scroll&#8221;][vc_single_image image=&#8221;11744&#8243; img_size=&#8221;full&#8221;][vc_column_text]<\/p>\n<h3 style=\"text-align: left;\"><strong>EXTRUSORA DE PERFIL&nbsp;<\/strong><\/h3>\n<p style=\"text-align: left;\">Grandes equipos estructurales de la l\u00ednea OMEGA, dedicados a los diversos procesos de enlucido\/extrusi\u00f3n del mercado. El equipo permite operar con piezas\/perfiles&#8230; <strong><a title=\"Saiba mais...\" href=\"https:\/\/effisa.com.br\/es\/project-details\/extrusora-de-perfis-omega-ff-305-ep\/\">Sepa mas&#8230;<\/a><\/strong><\/p>\n<p>[\/vc_column_text][\/vc_column][\/vc_row][vc_row rt_row_background_width=&#8221;fullwidth&#8221; rt_row_content_width=&#8221;default&#8221; rt_row_style=&#8221;default-style&#8221; rt_row_height=&#8221;&#8221; rt_column_gaps=&#8221;&#8221; rt_row_shadows=&#8221;&#8221; rt_row_borders=&#8221;&#8221; rt_bg_effect=&#8221;classic&#8221; rt_bg_image_repeat=&#8221;repeat&#8221; rt_bg_size=&#8221;cover&#8221; rt_bg_position=&#8221;right top&#8221; rt_bg_attachment=&#8221;scroll&#8221; rt_bg_layer=&#8221;&#8221; rt_bg_video_format=&#8221;self-hosted&#8221;][vc_column width=&#8221;1\/3&#8243; rt_bg_effect=&#8221;classic&#8221; rt_bg_image_repeat=&#8221;repeat&#8221; rt_bg_size=&#8221;auto auto&#8221; rt_bg_position=&#8221;right top&#8221; rt_bg_attachment=&#8221;scroll&#8221;][vc_single_image image=&#8221;11745&#8243; img_size=&#8221;full&#8221;][vc_column_text]<\/p>\n<h3 style=\"text-align: left;\"><strong>ALIMENTADOR DE VAC\u00cdO DE ELEVACI\u00d3N AUTOM\u00c1TICA&nbsp;<\/strong><\/h3>\n<p style=\"text-align: left;\">Equipo automatizado, que fue desarrollado para la alimentaci\u00f3n de piezas\/perfiles a lo largo de l\u00edneas de producci\u00f3n continua como l\u00edneas de pintura y extrusi\u00f3n (yeso), l\u00edneas de recubrimiento, entre otras. <strong><a title=\"Saiba mais...\" href=\"https:\/\/effisa.com.br\/es\/project-details\/alimentador-automatico-vacio-por-elevacion-ff-1006-aave\/\">Sepa mas&#8230;<\/a><\/strong><\/p>\n<p>[\/vc_column_text][\/vc_column][vc_column width=&#8221;1\/3&#8243; rt_bg_effect=&#8221;classic&#8221; rt_bg_image_repeat=&#8221;repeat&#8221; rt_bg_size=&#8221;auto auto&#8221; rt_bg_position=&#8221;right top&#8221; rt_bg_attachment=&#8221;scroll&#8221;][vc_single_image image=&#8221;11746&#8243; img_size=&#8221;full&#8221;][vc_column_text]<\/p>\n<h3 style=\"text-align: left;\"><strong>APLICADOR M\u00d3VIL DE ESTIRAMIENTO DE AMARRE CON CARRILES PARA PERFILES<\/strong><\/h3>\n<p style=\"text-align: left;\">Equipo automatizado, desarrollado para la aplicaci\u00f3n de Stretch film en los sub-paquetes (paquete), brindando automatizaci\u00f3n para la l\u00ednea de empaque. Este equipo est\u00e1 destinado&#8230; <strong><a title=\"Saiba mais...\" href=\"https:\/\/effisa.com.br\/es\/project-details\/aplicador-movil-de-estiramiento-de-amarre-con-carriles-para-perfiles-beta-ff-304-amsatpb\/\">Sepa mas&#8230;<\/a><\/strong><\/p>\n<p>[\/vc_column_text][\/vc_column][vc_column width=&#8221;1\/3&#8243; rt_bg_effect=&#8221;classic&#8221; rt_bg_image_repeat=&#8221;repeat&#8221; rt_bg_size=&#8221;auto auto&#8221; rt_bg_position=&#8221;right top&#8221; rt_bg_attachment=&#8221;scroll&#8221;][vc_single_image image=&#8221;11747&#8243; img_size=&#8221;full&#8221;][vc_column_text]<\/p>\n<h3 style=\"text-align: left;\"><strong>SOPORTE DE REFERENCIA PARA ETIQUETA NEUM\u00c1TICA DE MONTAJE DE CABEZAL OMEGA&nbsp;<\/strong><\/h3>\n<p style=\"text-align: left;\">El equipo denominado Caballete para Montaje del Cabezal de Etiquetado permite el correcto posicionamiento del Aplicador Autom\u00e1tico de Etiquetas Autoadhesivas para ser acoplado&#8230; <strong><a title=\"Saiba mais...\" href=\"https:\/\/effisa.com.br\/es\/project-details\/soporte-de-referencia-para-etiqueta-neumatica-de-montaje-de-cabezal-omega-ff-306-crmcepo\/\">Sepa mas&#8230;<\/a><\/strong><\/p>\n<p>[\/vc_column_text][\/vc_column][\/vc_row][vc_row rt_row_background_width=&#8221;fullwidth&#8221; rt_row_content_width=&#8221;default&#8221; rt_row_style=&#8221;default-style&#8221; rt_row_height=&#8221;&#8221; rt_column_gaps=&#8221;&#8221; rt_row_shadows=&#8221;&#8221; rt_row_borders=&#8221;&#8221; rt_bg_effect=&#8221;classic&#8221; rt_bg_image_repeat=&#8221;repeat&#8221; rt_bg_size=&#8221;cover&#8221; rt_bg_position=&#8221;right top&#8221; rt_bg_attachment=&#8221;scroll&#8221; rt_bg_layer=&#8221;&#8221; rt_bg_video_format=&#8221;self-hosted&#8221;][vc_column width=&#8221;1\/3&#8243; rt_bg_effect=&#8221;classic&#8221; rt_bg_image_repeat=&#8221;repeat&#8221; rt_bg_size=&#8221;auto auto&#8221; rt_bg_position=&#8221;right top&#8221; rt_bg_attachment=&#8221;scroll&#8221;][vc_single_image image=&#8221;11748&#8243; img_size=&#8221;full&#8221;][vc_column_text]<\/p>\n<h3 style=\"text-align: left;\"><strong>MESA DE ALIMENTACI\u00d3N TRANSVERSAL PERFIL OMEGA&nbsp;<\/strong><\/h3>\n<p style=\"text-align: left;\">El equipo de Mesa de Alimentaci\u00f3n de Perfiles Transversales Omega FF 306 MATPO es automatizado y fue desarrollado para la alimentaci\u00f3n de piezas\/perfiles a lo largo de l\u00edneas&#8230;&nbsp;<strong><a title=\"Saiba mais...\" href=\"https:\/\/effisa.com.br\/es\/project-details\/mesa-de-alimentacion-transversal-perfil-omega-ff-306-matpo\/\">Sepa mas&#8230;<\/a><\/strong><\/p>\n<p>[\/vc_column_text][\/vc_column][vc_column width=&#8221;1\/3&#8243; rt_bg_effect=&#8221;classic&#8221; rt_bg_image_repeat=&#8221;repeat&#8221; rt_bg_size=&#8221;auto auto&#8221; rt_bg_position=&#8221;right top&#8221; rt_bg_attachment=&#8221;scroll&#8221;][vc_single_image image=&#8221;11749&#8243; img_size=&#8221;full&#8221;][vc_column_text]<\/p>\n<h3><strong>LIJADORAS UNILATERALES PARA TAPAS BETA<\/strong><\/h3>\n<p>Equipos destinados a los diversos procesos de lijado y fresado de cantos de piezas\/perfiles, entre otros. Este equipo permite operar con piezas de diferentes dimensiones y formatos&#8230; <strong><a title=\"Saiba mais...\" href=\"https:\/\/effisa.com.br\/es\/project-details\/lijadors-unilaterales-para-tapas-beta-ff-317-lutb5\/\">Sepa mas&#8230;<\/a><\/strong>[\/vc_column_text][\/vc_column][vc_column width=&#8221;1\/3&#8243; rt_bg_effect=&#8221;classic&#8221; rt_bg_image_repeat=&#8221;repeat&#8221; rt_bg_size=&#8221;auto auto&#8221; rt_bg_position=&#8221;right top&#8221; rt_bg_attachment=&#8221;scroll&#8221;][vc_single_image image=&#8221;11750&#8243; img_size=&#8221;full&#8221;][vc_column_text]<\/p>\n<h3 style=\"margin: 0px; text-align: left;\">RECOBRIDORA DE PERFIS OMEGA<\/h3>\n<p style=\"text-align: left;\">En esta imagen en especial, estamos presentando el modelo FF 600 MV. Equipo de gran porte estructural de la l\u00ednea OMEGA, dedicado exclusivamente al proceso vertical de mezcla. <strong><a title=\"Saiba mais...\" href=\"https:\/\/effisa.com.br\/es\/project-details\/misturador-vertical-omega-ff-600-mv\/\">Sepa mas&#8230;<\/a><\/strong><\/p>\n<p>[\/vc_column_text][\/vc_column][\/vc_row][vc_row rt_row_background_width=&#8221;fullwidth&#8221; rt_row_content_width=&#8221;default&#8221; rt_row_style=&#8221;default-style&#8221; rt_row_height=&#8221;&#8221; rt_column_gaps=&#8221;&#8221; rt_row_shadows=&#8221;&#8221; rt_row_borders=&#8221;&#8221; rt_bg_effect=&#8221;classic&#8221; rt_bg_image_repeat=&#8221;repeat&#8221; rt_bg_size=&#8221;cover&#8221; rt_bg_position=&#8221;right top&#8221; rt_bg_attachment=&#8221;scroll&#8221; rt_bg_layer=&#8221;&#8221; rt_bg_video_format=&#8221;self-hosted&#8221;][vc_column rt_bg_effect=&#8221;classic&#8221; rt_bg_image_repeat=&#8221;repeat&#8221; rt_bg_size=&#8221;auto auto&#8221; rt_bg_position=&#8221;right top&#8221; rt_bg_attachment=&#8221;scroll&#8221;][vc_empty_space][\/vc_column][\/vc_row]<\/p>\n<\/div>","protected":false},"excerpt":{"rendered":"<p>[vc_row rt_row_background_width=&#8221;fullwidth&#8221; rt_row_content_width=&#8221;default&#8221; rt_row_style=&#8221;default-style&#8221; rt_row_height=&#8221;&#8221; rt_column_gaps=&#8221;&#8221; rt_row_shadows=&#8221;&#8221; rt_row_borders=&#8221;top&#8221; rt_bg_effect=&#8221;classic&#8221; rt_bg_image_repeat=&#8221;repeat&#8221; rt_bg_size=&#8221;cover&#8221; rt_bg_position=&#8221;right top&#8221; rt_bg_attachment=&#8221;scroll&#8221; rt_bg_layer=&#8221;&#8221; rt_bg_video_format=&#8221;self-hosted&#8221; rt_class=&#8221;rt-2371715&#8243; rt_border_size=&#8221;4&#8243; rt_border_color=&#8221;#ba0d0d&#8221; rt_bg_color=&#8221;#f9f9f9&#8243;][vc_column rt_bg_effect=&#8221;classic&#8221; rt_bg_image_repeat=&#8221;repeat&#8221; rt_bg_size=&#8221;auto auto&#8221; rt_bg_position=&#8221;right top&#8221; rt_bg_attachment=&#8221;scroll&#8221; css=&#8221;.vc_custom_1647010818816{padding-top: 20px !important;padding-bottom: 20px !important;}&#8221; rt_class=&#8221;rt-3888541&#8243; rt_bg_color=&#8221;&#8221; rt_bg_overlay_color=&#8221;&#8221;][vc_column_text] LANZAMIENTOS VER TODOS NUESTROS LANZAMIENTOS [\/vc_column_text][\/vc_column][\/vc_row][vc_row rt_row_background_width=&#8221;fullwidth&#8221; rt_row_content_width=&#8221;default&#8221; rt_row_style=&#8221;default-style&#8221; rt_row_height=&#8221;&#8221; rt_column_gaps=&#8221;&#8221; rt_row_shadows=&#8221;&#8221; rt_row_borders=&#8221;&#8221; rt_bg_effect=&#8221;classic&#8221; rt_bg_image_repeat=&#8221;repeat&#8221; rt_bg_size=&#8221;cover&#8221; rt_bg_position=&#8221;right top&#8221; rt_bg_attachment=&#8221;scroll&#8221; rt_bg_layer=&#8221;&#8221; [&hellip;]<\/p>\n","protected":false},"author":1,"featured_media":0,"parent":0,"menu_order":0,"comment_status":"closed","ping_status":"closed","template":"","meta":{"ngg_post_thumbnail":0,"footnotes":""},"class_list":["post-5560","page","type-page","status-publish","hentry"],"aioseo_notices":[],"_links":{"self":[{"href":"https:\/\/effisa.com.br\/es\/wp-json\/wp\/v2\/pages\/5560","targetHints":{"allow":["GET"]}}],"collection":[{"href":"https:\/\/effisa.com.br\/es\/wp-json\/wp\/v2\/pages"}],"about":[{"href":"https:\/\/effisa.com.br\/es\/wp-json\/wp\/v2\/types\/page"}],"author":[{"embeddable":true,"href":"https:\/\/effisa.com.br\/es\/wp-json\/wp\/v2\/users\/1"}],"replies":[{"embeddable":true,"href":"https:\/\/effisa.com.br\/es\/wp-json\/wp\/v2\/comments?post=5560"}],"version-history":[{"count":134,"href":"https:\/\/effisa.com.br\/es\/wp-json\/wp\/v2\/pages\/5560\/revisions"}],"predecessor-version":[{"id":11852,"href":"https:\/\/effisa.com.br\/es\/wp-json\/wp\/v2\/pages\/5560\/revisions\/11852"}],"wp:attachment":[{"href":"https:\/\/effisa.com.br\/es\/wp-json\/wp\/v2\/media?parent=5560"}],"curies":[{"name":"wp","href":"https:\/\/api.w.org\/{rel}","templated":true}]}}